{"id":456,"date":"2017-10-13T02:41:16","date_gmt":"2017-10-13T02:41:16","guid":{"rendered":"https:\/\/www.psafe.com\/dfndr-lab\/?page_id=456"},"modified":"2017-10-13T02:52:31","modified_gmt":"2017-10-13T02:52:31","slug":"politica-de-privacidade","status":"publish","type":"page","link":"https:\/\/www.psafe.com\/dfndr-lab\/pt-br\/politica-de-privacidade\/","title":{"rendered":"Pol\u00edtica de privacidade"},"content":{"rendered":"<p><b>Privacidade e Confidencialidade das Informa\u00e7\u00f5es Pessoais<br \/>\n<\/b>A PSafe Tecnologia S.A. (&#8220;PSafe&#8221;), inscrita no CNPJ n\u00ba 12.501.419\/0001-06, pela natureza dos servi\u00e7os prestados, recolhe e, em alguns casos, revela informa\u00e7\u00f5es sobre os usu\u00e1rios de seus softwares\/servi\u00e7os e os visitantes de seu site (todos, em conjunto, \u201cUsu\u00e1rios\u201d). Esta Pol\u00edtica de Privacidade descreve a informa\u00e7\u00e3o que a PSafe coleta sobre seus Usu\u00e1rios e o que pode ser feito com tal informa\u00e7\u00e3o, com a finalidade de demonstrar absoluta transpar\u00eancia quanto a este importante assunto. Ao cadastrar-se e\/ou navegar nos programas\/servi\u00e7os ou site da PSafe, o Usu\u00e1rio consente tacitamente com a utiliza\u00e7\u00e3o de suas Informa\u00e7\u00f5es Pessoais de acordo com os termos a seguir.<\/p>\n<p>Com esta Pol\u00edtica de Privacidade, a PSafe demonstra que a privacidade da informa\u00e7\u00e3o dos seus Usu\u00e1rios \u00e9 muito importante e, por isso, toma precau\u00e7\u00f5es e cautelas para resguardar toda informa\u00e7\u00e3o, utilizando mecanismos de seguran\u00e7a em inform\u00e1tica completos e eficazes.<\/p>\n<p>Este documento \u00e9 parte integrante dos <a href=\"https:\/\/www.psafe.com\/termosdeuso\/termos\/\">Termos de Uso<\/a> e do <a href=\"https:\/\/www.psafe.com\/termosdeuso\/contrato\/\">Contrato de Licen\u00e7a<\/a> da PSafe, e com a aceita\u00e7\u00e3o de qualquer um destes documentos, o Usu\u00e1rio aceita esta Pol\u00edtica de Privacidade e, ao utilizar qualquer produto ou servi\u00e7o da PSafe, o usu\u00e1rio reconhece que leu e concordou com os termos e condi\u00e7\u00f5es desta <a href=\"https:\/\/www.psafe.com\/termosdeuso\/privacidade\/\">Pol\u00edtica de Privacidade<\/a>.<\/p>\n<p><b>Informa\u00e7\u00f5es Pessoais exigidas<br \/>\n<\/b>Dados pessoais (&#8220;Informa\u00e7\u00f5es Pessoais&#8221;) poder\u00e3o ser requeridos para a utiliza\u00e7\u00e3o de alguns produtos e servi\u00e7os oferecidos pela PSafe, sendo que os Usu\u00e1rios ter\u00e3o a op\u00e7\u00e3o de fornecer-lhes ou n\u00e3o. A PSafe poder\u00e1 confirmar as Informa\u00e7\u00f5es Pessoais informadas consultando entidades p\u00fablicas, companhias especializadas ou bancos de dados, estando tais consultas desde j\u00e1 expressamente autorizadas. As informa\u00e7\u00f5es que a PSafe obtiver destas entidades ser\u00e3o tratadas de forma confidencial.<\/p>\n<p>A qualquer momento, o Usu\u00e1rio registrado na PSafe poder\u00e1 solicitar a extin\u00e7\u00e3o, corre\u00e7\u00e3o ou remo\u00e7\u00e3o de seu registro, bem como a elimina\u00e7\u00e3o de seus dados e Informa\u00e7\u00f5es Pessoais da base de dados da PSafe. Para mais informa\u00e7\u00f5es, leia a se\u00e7\u00e3o \u201cDireitos de cancelamento e retifica\u00e7\u00e3o de dados pessoais\u201d, abaixo.<\/p>\n<p>A PSafe coleta e armazena automaticamente algumas Informa\u00e7\u00f5es Pessoais, incluindo informa\u00e7\u00f5es sobre as atividades dos seus Usu\u00e1rios. Tais informa\u00e7\u00f5es podem incluir (sem limita\u00e7\u00e3o) quaisquer atividades que o Usu\u00e1rio realize nos produtos ou servi\u00e7os da PSafe, a URL de onde eles prov\u00eam, a URL que os levou \u00e0 p\u00e1gina da PSafe no Google Play (ou outra loja de aplicativos), a URL acessada em seguida, o navegador utilizado, os IPs de acesso, as p\u00e1ginas e URLs visitadas, dentre outras informa\u00e7\u00f5es que podem ser armazenadas e retidas. No caso dos aplicativos da PSafe para Android, as Informa\u00e7\u00f5es Pessoais tamb\u00e9m podem incluir o \u201cMD5 do IMEI\u201d do dispositivo, o Google Advertising ID, a vers\u00e3o do Android no dispositivo, informa\u00e7\u00f5es do dispositivo (tais como modelo e\/ou nome do dispositivo, fabricante, vers\u00e3o do sistema, DPI da tela, tipo de conex\u00e3o, fun\u00e7\u00f5es usadas e datas\/hor\u00e1rios de uso, aplicativos instalados e datas\/hor\u00e1rios de instala\u00e7\u00e3o\/uso\/remo\u00e7\u00e3o, fornecedor do chip e MCC), c\u00f3digos que indiquem o pais e idioma do dispositivo (ou dos aplicativos) e ID do Android. A PSafe poder\u00e1 coletar e armazenar informa\u00e7\u00f5es sobre as atividades dos Usu\u00e1rios, incluindo (sem limita\u00e7\u00e3o) informa\u00e7\u00f5es sobre dispositivos usados para acesso aos seus servi\u00e7os, informa\u00e7\u00f5es de configura\u00e7\u00e3o dos seus sistemas, metadata de seus arquivos, datas e horas associadas \u00e0s suas transa\u00e7\u00f5es e outras intera\u00e7\u00f5es com os seus servi\u00e7os. A PSafe tamb\u00e9m poder\u00e1 coletar e armazenar informa\u00e7\u00f5es quando autorizada pelo Usu\u00e1rio ou de um servi\u00e7o terceirizado que o Usu\u00e1rio autorizou, tais como (sem limita\u00e7\u00e3o) nome, idade, sexo, ID, n\u00famero de telefone e quaisquer outras informa\u00e7\u00f5es p\u00fablicas do Usu\u00e1rio dispon\u00edveis no servi\u00e7o terceirizado, mediante autoriza\u00e7\u00e3o do Usu\u00e1rio para tanto (por exemplo, se o Usu\u00e1rio concordar em conectar a sua conta de Facebook e\/ou Google com o servi\u00e7o e\/ou produto da PSafe).<\/p>\n<p>A PSafe poder\u00e1 coletar e armazenar Informa\u00e7\u00f5es Pessoais, incluindo o nome do Usu\u00e1rio e seus endere\u00e7os de e-mails junto com a senha e nome do Usu\u00e1rio: (a) caso este se cadastre com a PSafe; e\/ou (b) caso os Usu\u00e1rios enviem correspond\u00eancias \u00e0 PSafe (sejam cartas ou e-mails ou por meio de outra ferramenta de mensagem eletr\u00f4nica), sendo que o cadastro do Usu\u00e1rio s\u00f3 ser\u00e1 efetuado mediante o consentimento expresso do Usu\u00e1rio.<\/p>\n<p><b>Do Consentimento do Usu\u00e1rio para o Uso de Informa\u00e7\u00f5es Pessoais pela PSafe<br \/>\n<\/b><b>O USU\u00c1RIO RECONHECE E CONCORDA QUE A PSAFE PODER\u00c1 COLETAR, PROCESSAR, USAR, ARMAZENAR, TRATAR E TRANSFERIR A TERCEIROS SUAS INFORMA\u00c7\u00d5ES PESSOAIS COM A FINALIDADE DE PRESTAR OS SEUS SERVI\u00c7OS DE FORMA ADEQUADA E SEGURA. A ACEITA\u00c7\u00c3O DOS TERMOS DE USO E\/OU DO CONTRATO DE LICEN\u00c7A DA PSAFE PELO USU\u00c1RIO SER\u00c1 INTERPRETADA COMO O CONSENTIMENTO EXPRESSO DO USU\u00c1RIO PARA COLETA, PROCESSAMENTO, USO, ARMAZENAMENTO, TRATAMENTO E TRANSFER\u00caNCIA DAS INFORMA\u00c7\u00d5ES PESSOAIS DO USU\u00c1RIO PELA PSAFE, NOS TERMOS DESTA POL\u00cdTICA DE PRIVACIDADE. O USU\u00c1RIO TAMB\u00c9M RECONHECE E CONCORDA QUE A PSAFE PODER\u00c1 COMPARTILHAR SUAS INFORMA\u00c7\u00d5ES PESSOAIS COM A SUA MATRIZ, SUBSIDI\u00c1RIAS, JOINT VENTURES E OUTRAS EMPRESAS SOB O MESMO CONTROLE.<\/b><\/p>\n<p><b>Do Uso das Informa\u00e7\u00f5es Pessoais pela PSafe<br \/>\n<\/b>Para fornecer um excelente servi\u00e7o e para que os Usu\u00e1rios possam realizar opera\u00e7\u00f5es de forma \u00e1gil e segura, a PSafe poder\u00e1 requerer certas Informa\u00e7\u00f5es Pessoais, incluindo nome, endere\u00e7o residencial, endere\u00e7o de e-mail e telefone para contato. A coleta destas Informa\u00e7\u00f5es Pessoais permite \u00e0 PSafe oferecer aos Usu\u00e1rios servi\u00e7os e funcionalidades que possam ser mais adequadas \u00e0s suas necessidades, e personalizar servi\u00e7os, fazendo com que as experi\u00eancias dos Usu\u00e1rios com a PSafe sejam as melhores poss\u00edveis. As Informa\u00e7\u00f5es Pessoais que solicitamos possuem as seguintes finalidades:<\/p>\n<ul>\n<li>Desenvolvimento de estudos internos sobre os interesses, comportamentos e demografia dos Usu\u00e1rios para melhor compreens\u00e3o de suas necessidades e interesses e, desta forma, oferecimento de melhores servi\u00e7os ou provimento de informa\u00e7\u00f5es relacionadas a tais necessidades e interesses.<\/li>\n<li>Melhoramento das iniciativas comerciais e promocionais da PSafe, por meio da an\u00e1lise das p\u00e1ginas visitadas e das buscas realizadas pelos Usu\u00e1rios para melhoramento da oferta de conte\u00fados e produtos, personaliza\u00e7\u00e3o de conte\u00fados, sua apresenta\u00e7\u00e3o e servi\u00e7os, incluindo o envio de informa\u00e7\u00e3o ou mensagens por e-mail sobre novos servi\u00e7os, publicidade ou promo\u00e7\u00f5es, banners de interesse para Usu\u00e1rios e not\u00edcias sobre a PSafe. Se o Usu\u00e1rio preferir, poder\u00e1 solicitar, a qualquer momento, a exclus\u00e3o de seu e-mail das listas de envio de informa\u00e7\u00e3o promocional ou publicit\u00e1ria por meio do envio de e-mail ao endere\u00e7o privacidade@psafe.com.<\/li>\n<li>Promo\u00e7\u00f5es comerciais e\/ou concursos: os ganhadores de eventuais promo\u00e7\u00f5es comerciais e\/ou concursos realizados pela PSafe ou pessoas que participam de programas de fidelidade da PSafe autorizam expressamente a PSafe a divulgar seus nomes e quaisquer de suas Informa\u00e7\u00f5es Pessoais fornecidas \u00e0 PSafe para participa\u00e7\u00e3o na respectiva promo\u00e7\u00e3o, concurso ou programa e imagens pelos meios e nas formas que a PSafe considerar convenientes, com fins publicit\u00e1rios e\/ou promocionais, sem direito a compensa\u00e7\u00e3o alguma.<\/li>\n<li>Compartilhamento de Informa\u00e7\u00f5es Pessoais (incluindo endere\u00e7o de e-mail) com os provedores de servi\u00e7os ou as empresas de terceiros que contribuem para melhorar ou facilitar as opera\u00e7\u00f5es da PSafe, como (sem limitar-se a) servi\u00e7os de transporte, call centers ou programas de fidelidade, entre outros. A PSafe velar\u00e1 para que se cumpram os padr\u00f5es determinados pela legisla\u00e7\u00e3o vigente para o uso, coleta, armazenamento, tratamento, processamento e prote\u00e7\u00e3o das Informa\u00e7\u00f5es Pessoais dos Usu\u00e1rios por terceiros que tiverem acesso a tais informa\u00e7\u00f5es, mediante a assinatura de acordos ou conv\u00eanios cujo objeto seja a privacidade das Informa\u00e7\u00f5es Pessoais dos Usu\u00e1rios. N\u00e3o obstante, o Usu\u00e1rio concorda que a PSafe n\u00e3o ser\u00e1 respons\u00e1vel pelo uso indevido das Informa\u00e7\u00f5es Pessoais do Usu\u00e1rio que fizerem estas companhias ou sites de internet. Em alguns casos, estes provedores de servi\u00e7os recolher\u00e3o informa\u00e7\u00e3o diretamente do Usu\u00e1rio (por exemplo, casos em que se solicite a realiza\u00e7\u00e3o de enquetes ou estudos). Em tais casos, o Usu\u00e1rio receber\u00e1 uma notifica\u00e7\u00e3o a respeito da participa\u00e7\u00e3o de um outro provedor de servi\u00e7os em tais atividades e ficar\u00e1 \u00e0 total escolha do Usu\u00e1rio o fornecimento de informa\u00e7\u00e3o a esses provedores, que usar\u00e3o a informa\u00e7\u00e3o conforme as suas pr\u00f3prias pol\u00edticas de privacidade.<\/li>\n<li>Fornecimento de Informa\u00e7\u00f5es Pessoais dos Usu\u00e1rios \u00e0s entidades que intervenham na resolu\u00e7\u00e3o de disputas entre os mesmos, tais como: seguradoras, tribunais de arbitragem ou outros tribunais competentes para solucionar tais disputas.<\/li>\n<\/ul>\n<p><b>Confidencialidade das Informa\u00e7\u00f5es Pessoais<\/b><\/p>\n<p>Uma vez registradas em seu site, a PSafe n\u00e3o vender\u00e1, alugar\u00e1 ou compartilhar\u00e1 as Informa\u00e7\u00f5es Pessoais, exceto nas formas estabelecidas nesta Pol\u00edtica de Privacidade. Pode ocorrer que, em virtude de ordens judiciais ou de disposi\u00e7\u00f5es legais, a PSafe seja compelida a revelar Informa\u00e7\u00f5es Pessoais a autoridades competentes ou a terceiros sob certas circunst\u00e2ncias, como nos casos em que terceiros interceptem Informa\u00e7\u00f5es Pessoais ou situa\u00e7\u00f5es similares. Nessas hip\u00f3teses, a PSafe n\u00e3o poder\u00e1 ser responsabilizada pela revela\u00e7\u00e3o das respectivas Informa\u00e7\u00f5es Pessoais.<\/p>\n<p><b>Senha Pessoal<br \/>\n<\/b>Para acesso aos servi\u00e7os reservados unicamente aos Usu\u00e1rios devidamente registrados, estes dispor\u00e3o de uma senha pessoal. Esta senha, que \u00e9 escolhida pelo pr\u00f3prio Usu\u00e1rio, deve ser mantida sob absoluta confidencialidade e, em nenhum caso, dever\u00e1 ser revelada ou compartilhada com outras pessoas.<\/p>\n<p>O Usu\u00e1rio ser\u00e1 respons\u00e1vel por todos os atos que sejam realizados com o uso de seu nome de usu\u00e1rio e senha pessoal, incluindo pagamentos de tarifas por servi\u00e7os (quando aplic\u00e1vel). Se, por qualquer raz\u00e3o, um Usu\u00e1rio desconfiar que algu\u00e9m conhe\u00e7a a sua senha pessoal, dever\u00e1 modific\u00e1-la acessando o menu de navega\u00e7\u00e3o.<\/p>\n<p><b>Cookies<br \/>\n<\/b>O Usu\u00e1rio aceita que poder\u00e1 ser utilizado um sistema de monitoramento de suas atividades mediante cookies. Os cookies s\u00e3o pequenos arquivos que s\u00e3o instalados no disco r\u00edgido, por tempo limitado, que ajudam a personalizar servi\u00e7os. Utiliza-se, adicionalmente, os cookies para que o Usu\u00e1rio n\u00e3o tenha que introduzir sua senha t\u00e3o frequentemente durante uma sess\u00e3o de navega\u00e7\u00e3o e, tamb\u00e9m, para contabilizar e corroborar os registros e a atividade do Usu\u00e1rio, e para outros fins relacionados a programas de fidelidade (nos pa\u00edses nos quais estejam dispon\u00edveis) e acordos comerciais, tendo sempre como objetivo o benef\u00edcio do Usu\u00e1rio que o recebe, n\u00e3o sendo utilizado para outros fins alheios \u00e0 opera\u00e7\u00e3o da PSafe.<\/p>\n<p>A instala\u00e7\u00e3o, perman\u00eancia e exist\u00eancia dos cookies no computador do Usu\u00e1rio dependem de sua exclusiva vontade e os cookies podem ser eliminados do computador quando o Usu\u00e1rio assim desejar. Para saber como retirar os cookies do sistema, \u00e9 necess\u00e1rio revisar a se\u00e7\u00e3o Ajuda (Help) do navegador.<\/p>\n<p>Adicionalmente, podem ser encontrados cookies ou outros sistemas similares instalados por terceiros em certas p\u00e1ginas do site da PSafe. Por exemplo, ao navegar por uma p\u00e1gina criada por um Usu\u00e1rio, pode ser que exista um cookie embutido na mesma. Fica esclarecido que esta Pol\u00edtica de Privacidade cobre a utiliza\u00e7\u00e3o de cookies pela PSafe e n\u00e3o a utiliza\u00e7\u00e3o de cookies por parte de anunciantes. A PSafe n\u00e3o tem o controle do uso de cookies por terceiros.<\/p>\n<p><b>Ordem de Autoridades Competentes &#8211; Requerimentos Legais<br \/>\n<\/b>A PSafe coopera com as autoridades competentes e com terceiros para garantir o cumprimento das leis, por exemplo, em mat\u00e9ria de prote\u00e7\u00e3o de direitos de propriedade industrial e intelectual, privacidade e prote\u00e7\u00e3o de dados pessoais, preven\u00e7\u00e3o de fraudes e outros.<\/p>\n<p>A PSafe poder\u00e1 revelar Informa\u00e7\u00f5es Pessoais de seus Usu\u00e1rios sob requerimento de autoridades judiciais ou governamentais competentes para fins de investiga\u00e7\u00f5es conduzidas por estas, por exemplo (e sem limitar-se a) quando se tratar de investiga\u00e7\u00f5es de car\u00e1ter penal ou relacionadas com pirataria, inform\u00e1tica ou viola\u00e7\u00e3o de direitos de autor. Nestas situa\u00e7\u00f5es, a PSafe colaborar\u00e1 com as autoridades competentes com o fim de salvaguardar a integridade e a seguran\u00e7a da comunidade e de seus Usu\u00e1rios, ressalvadas as hip\u00f3teses de confidencialidade e sigilo de informa\u00e7\u00f5es determinadas pela legisla\u00e7\u00e3o em vigor.<\/p>\n<p>A PSafe pode comunicar quaisquer Informa\u00e7\u00f5es Pessoais sobre seus Usu\u00e1rios com a finalidade de cumprir a lei aplic\u00e1vel e cooperar com as autoridades competentes na medida em que, discricionariamente, entenda necess\u00e1rio e adequado em rela\u00e7\u00e3o a qualquer investiga\u00e7\u00e3o de um ato il\u00edcito, infra\u00e7\u00e3o de direitos de propriedade industrial ou intelectual ou outra atividade que seja ilegal ou que possa expor a PSafe ou seus Usu\u00e1rios a qualquer responsabilidade legal. Este direito ser\u00e1 exercido pela PSafe a fim de cooperar com o cumprimento e execu\u00e7\u00e3o da lei, conforme lhe seja permitido pela legisla\u00e7\u00e3o vigente. Al\u00e9m disso, a PSafe reserva-se o direito de comunicar as Informa\u00e7\u00f5es Pessoais sobre seus Usu\u00e1rios a outros Usu\u00e1rios, entidades ou terceiros quando houver motivos suficientes para considerar que a atividade de um Usu\u00e1rio \u00e9 suspeita de tentativa ou cometimento de um delito ou pode prejudicar outras pessoas. Este direito ser\u00e1 utilizado pela PSafe a seu inteiro crit\u00e9rio, quando considerar apropriado ou necess\u00e1rio para manter a integridade e a seguran\u00e7a do servi\u00e7o e do site da PSafe, para fazer cumprir os Termos de Uso e demais pol\u00edticas do site e com o fito de cooperar com a execu\u00e7\u00e3o e cumprimento da lei. Este direito ser\u00e1 exercido pela PSafe independentemente de existir uma ordem judicial ou administrativa nesse sentido.<\/p>\n<p><b>Envio de Notifica\u00e7\u00e3o por Suposto Conte\u00fado Indevido<br \/>\n<\/b>Caso o Usu\u00e1rio verifique que qualquer conte\u00fado que julgue ser indevido foi inserido por terceiro no site ou nos produtos ou servi\u00e7os da PSafe, o Usu\u00e1rio dever\u00e1 enviar notifica\u00e7\u00e3o escrita \u00e0 PSafe informando o conte\u00fado apontado como indevido, com indica\u00e7\u00e3o de elementos suficientes que permitam a identifica\u00e7\u00e3o espec\u00edfica do material apontado como indevido, para o e-mail privacidade@psafe.com. Nesses casos, a PSafe analisar\u00e1 o conte\u00fado considerado como indevido pelo Usu\u00e1rio e, a seu exclusivo crit\u00e9rio, poder\u00e1 exclu\u00ed-lo do site\/programa ou n\u00e3o. O Usu\u00e1rio reconhece e concorda que a PSafe n\u00e3o possui obriga\u00e7\u00e3o de retirar qualquer conte\u00fado do ar sem uma ordem judicial espec\u00edfica nesse sentido.<\/p>\n<p><b>Seguran\u00e7a e Armazenamento das Informa\u00e7\u00f5es Pessoais<br \/>\n<\/b>A PSafe est\u00e1 obrigada a observar todas as normas aplic\u00e1veis em mat\u00e9ria de medidas de seguran\u00e7a de Informa\u00e7\u00f5es Pessoais. Ainda assim, \u00e9 necess\u00e1rio considerar que a seguran\u00e7a perfeita n\u00e3o existe na internet. Portanto, a PSafe n\u00e3o ser\u00e1 respons\u00e1vel por intercepta\u00e7\u00f5es ilegais ou viola\u00e7\u00e3o de seus sistemas ou bases de dados por parte de pessoas n\u00e3o autorizadas. Tampouco se responsabilizar\u00e1 pela indevida utiliza\u00e7\u00e3o de informa\u00e7\u00e3o obtida por esses meios.<\/p>\n<p>Todas as Informa\u00e7\u00f5es Pessoais dos Usu\u00e1rios ser\u00e3o armazenadas em um arquivo automatizado de dados, localizado no Brasil (ou, em alguns casos, em outro pais que hospede os servi\u00e7os da Amazon Web Services, tal como os Estados Unidos). O Usu\u00e1rio, ao registrar-se na PSafe e concordar com os Termos de Uso e\/ou com o Contrato de Licen\u00e7a da PSafe, confirma que est\u00e1 informado da localiza\u00e7\u00e3o deste arquivo e servidores e autoriza a transfer\u00eancia de suas Informa\u00e7\u00f5es Pessoais para outros pa\u00edses, incluindo para os Estados Unidos.<\/p>\n<p>A partir da data desta Pol\u00edtica de Privacidade referida acima, todos os pagamentos on-line de nossos programas ou servi\u00e7os s\u00e3o realizados pela Google Play (<a href=\"https:\/\/play.google.com\/store\">https:\/\/play.google.com\/store<\/a>). A PSafe n\u00e3o tem acesso, processa, grava ou mantem informa\u00e7\u00f5es sobre cart\u00f5es de cr\u00e9dito ou contas banc\u00e1rias. Todas as transa\u00e7\u00f5es realizadas atrav\u00e9s da Google Play est\u00e3o sujeitas aos termos de servi\u00e7o dispon\u00edveis em <a href=\"https:\/\/play.google.com\/intl\/en_us\/about\/play-terms.html\">Https:\/\/play.google.com\/intl\/en_us\/about\/play-terms.html<\/a>.<\/p>\n<p>Para mais informa\u00e7\u00f5es sobre como os pagamentos s\u00e3o tratados, bem como sobre a seguran\u00e7a e privacidade dos dados utilizados nas transa\u00e7\u00f5es, acesse<a href=\"https:\/\/www.google.com\/intl\/en\/policies\/privacy\/\">https:\/\/www.google.com\/intl\/en\/policies\/privacy\/<\/a>.<\/p>\n<p><b>Provedores de Terceiros para Armazenamento em Cloud<br \/>\n<\/b>Determinados Programas e\/ou Servi\u00e7os permitem que o usu\u00e1rio se conecte \u00e0 sua conta com os seguintes provedores de terceiros para armazenamento em cloud: Dropbox, Google e OneDrive (&#8220;Provedores de Armazenamento&#8221;). Ao conectar-se a conta de quaisquer Provedores de Armazenamento, o usu\u00e1rio garante que \u00e9 o propriet\u00e1rio ou est\u00e1 devidamente autorizado a acessar tal conta, e concorda em observar e cumprir os termos e condi\u00e7\u00f5es de uso daqueles Provedores de Armazenamento, dispon\u00edveis em https:\/\/www.dropbox.com\/developers\/reference\/tos, https:\/\/developers.google.com\/terms\/ e https: \/\/dev.onedrive.com\/terms-of-use.htm. Os termos e condi\u00e7\u00f5es de uso relevantes dos Provedores de Armazenamento ser\u00e3o aplicados, adicionalmente a quaisquer restri\u00e7\u00f5es ou obriga\u00e7\u00f5es estabelecidas neste contrato.<\/p>\n<p><b>Direitos de Cancelamento e Retifica\u00e7\u00e3o de Informa\u00e7\u00f5es Pessoais<br \/>\n<\/b>O Usu\u00e1rio, ao registrar-se, manifesta conhecer e pode exercitar seus direitos de acessar, cancelar e atualizar suas Informa\u00e7\u00f5es Pessoais. O Usu\u00e1rio garante e responde pela veracidade, exatid\u00e3o, vig\u00eancia e autenticidade de suas Informa\u00e7\u00f5es Pessoais e compromete-se a mant\u00ea-los devidamente atualizados.<\/p>\n<p>Uma vez registrado na PSafe, o Usu\u00e1rio poder\u00e1 revisar e alterar as Informa\u00e7\u00f5es Pessoais que houver fornecido durante o processo de registro, incluindo (sem limita\u00e7\u00e3o):<\/p>\n<ul>\n<li>O nome de usu\u00e1rio. Sem preju\u00edzo das mudan\u00e7as que efetue, a PSafe conservar\u00e1 as Informa\u00e7\u00f5es Pessoais originais por motivos de seguran\u00e7a e controle de fraudes;<\/li>\n<li>As informa\u00e7\u00f5es do registro, como n\u00famero de telefone, endere\u00e7o, etc.<\/li>\n<li>A senha pessoal.<\/li>\n<\/ul>\n<p>Em determinados casos, ser\u00e3o mantidas nos arquivos da PSafe as Informa\u00e7\u00f5es Pessoais que nos tenham sido solicitadas para remo\u00e7\u00e3o com o objetivo de utiliza\u00e7\u00e3o na solu\u00e7\u00e3o de lit\u00edgios ou reclama\u00e7\u00f5es, detectar problemas ou incidentes e dar cumprimento ao disposto nos <a href=\"https:\/\/www.psafe.com\/termosdeuso\/termos\/\">Termos de Uso<\/a> e\/ou nesta <a href=\"https:\/\/www.psafe.com\/termosdeuso\/privacidade\/\">Pol\u00edtica de Privacidade<\/a> e\/o no <a href=\"https:\/\/www.psafe.com\/termosdeuso\/contrato\/\">Contrato de Licen\u00e7a<\/a>. Em qualquer caso, as Informa\u00e7\u00f5es Pessoais do Usu\u00e1rio n\u00e3o ser\u00e3o imediatamente retiradas dos arquivos por raz\u00f5es legais e t\u00e9cnicas, incluindo os sistemas de suporte e seguran\u00e7a.<\/p>\n<p>Para fazer qualquer modifica\u00e7\u00e3o na informa\u00e7\u00e3o fornecida quanto ao cadastramento, o Usu\u00e1rio deve acessar as configura\u00e7\u00f5es do site ou programa onde o cadastramento foi feito.<\/p>\n<p><b>Menores de Idade<br \/>\n<\/b>A PSafe n\u00e3o coleta, intencionalmente, informa\u00e7\u00f5es de menores de idade que n\u00e3o tenham autoriza\u00e7\u00e3o de seus pais, tutores ou representantes legais para usar nossos produtos ou servi\u00e7os. Se um pai\/m\u00e3e, tutor ou representante legal ficar sabendo que seu filho(a) menor de idade nos forneceu alguma Informa\u00e7\u00e3o Pessoal sem sua pr\u00e9via autoriza\u00e7\u00e3o, ele deve contatar-nos em privacidade@psafe.com.<\/p>\n","protected":false},"excerpt":{"rendered":"<p>Privacidade e Confidencialidade das Informa\u00e7\u00f5es Pessoais A PSafe Tecnologia S.A. (&#8220;PSafe&#8221;), inscrita no CNPJ n\u00ba 12.501.419\/0001-06, pela natureza dos servi\u00e7os prestados, recolhe e, em alguns casos, revela informa\u00e7\u00f5es sobre os usu\u00e1rios de seus softwares\/servi\u00e7os e os visitantes de seu site (todos, em conjunto, \u201cUsu\u00e1rios\u201d). Esta Pol\u00edtica de Privacidade descreve a informa\u00e7\u00e3o que a PSafe coleta [&hellip;]<\/p>\n","protected":false},"author":1,"featured_media":0,"parent":0,"menu_order":0,"comment_status":"closed","ping_status":"closed","template":"","meta":{"_acf_changed":false,"footnotes":""},"class_list":["post-456","page","type-page","status-publish","hentry"],"acf":[],"_links":{"self":[{"href":"https:\/\/www.psafe.com\/dfndr-lab\/pt-br\/wp-json\/wp\/v2\/pages\/456","targetHints":{"allow":["GET"]}}],"collection":[{"href":"https:\/\/www.psafe.com\/dfndr-lab\/pt-br\/wp-json\/wp\/v2\/pages"}],"about":[{"href":"https:\/\/www.psafe.com\/dfndr-lab\/pt-br\/wp-json\/wp\/v2\/types\/page"}],"author":[{"embeddable":true,"href":"https:\/\/www.psafe.com\/dfndr-lab\/pt-br\/wp-json\/wp\/v2\/users\/1"}],"replies":[{"embeddable":true,"href":"https:\/\/www.psafe.com\/dfndr-lab\/pt-br\/wp-json\/wp\/v2\/comments?post=456"}],"version-history":[{"count":2,"href":"https:\/\/www.psafe.com\/dfndr-lab\/pt-br\/wp-json\/wp\/v2\/pages\/456\/revisions"}],"predecessor-version":[{"id":465,"href":"https:\/\/www.psafe.com\/dfndr-lab\/pt-br\/wp-json\/wp\/v2\/pages\/456\/revisions\/465"}],"wp:attachment":[{"href":"https:\/\/www.psafe.com\/dfndr-lab\/pt-br\/wp-json\/wp\/v2\/media?parent=456"}],"curies":[{"name":"wp","href":"https:\/\/api.w.org\/{rel}","templated":true}]}}