{"id":3323,"date":"2018-09-24T15:55:41","date_gmt":"2018-09-24T15:55:41","guid":{"rendered":"https:\/\/www.psafe.com\/?page_id=3323"},"modified":"2018-10-09T16:52:24","modified_gmt":"2018-10-09T16:52:24","slug":"informe-sobre-las-falsas-alertas-de-virus","status":"publish","type":"page","link":"https:\/\/www.psafe.com\/es\/informe-sobre-las-falsas-alertas-de-virus\/","title":{"rendered":"Informe Sobre las Falsas Alertas de V\u00edrus"},"content":{"rendered":"<p>Si recibiste una \u201calerta de virus\u201d o alg\u00fan tipo de publicidad que te parece sospechosa y que te remeti\u00f3 a una p\u00e1gina de descarga en Google Play, \u00a1esto puede ser un anuncio falso que no fue enviado por PSafe! A veces, terceros no autorizados, con el objetivo de enga\u00f1ar a los usuarios, crean ciertos tipos de publicidad o anuncios falsos utilizando el logotipo de nuestra empresa y un enlace que se parece mucho a la p\u00e1gina oficial de Google Play. Mira estos ejemplos:<\/p>\n<p><center><img decoding=\"async\" class=\"alignnone\" src=\"https:\/\/www.psafe.com\/wp-content\/uploads\/2018\/09\/1.es_-167x300.png&quot;\" \/><img decoding=\"async\" class=\"alignnone\" src=\"https:\/\/www.psafe.com\/wp-content\/uploads\/2018\/09\/2.es_-167x300.png\" \/><center><\/center><\/center>PSafe defiende firmemente que su logotipo y otras marcas comerciales no sean utilizadas de forma fraudulenta. Nuestras pol\u00edticas y contratos de publicidad proh\u00edben que cualquier de nuestros afiliados de publicidad utilicen t\u00e1cticas de \u00abscareware\u00bb (t\u00e1cticas publicitarias enga\u00f1osas que se utilizan del miedo de los usuarios para convencerlos), como los ejemplos arriba. A partir del momento en que identificamos estas pr\u00e1cticas fraudulentas por parte de alg\u00fan afiliado contratado, son adoptadas todas las medidas de emergencia para detenerlos y r\u00e1pidamente frenar tales pr\u00e1cticas, incluy\u00e9ndose ah\u00ed la suspensi\u00f3n de los pagamentos que correspondan al servicio ofrecido por tal empresa.<\/p>\n<p>Lo que deseamos al fin es que los usuarios instalen nuestros productos porque valoran nuestros servicios, como resultado de nuestra lucha para construir un buen relacionamiento con ellos. Cualquier intento de enga\u00f1ar a los consumidores para instalar nuestros softwares es totalmente en contra los objetivos de la empresa y es algo que jam\u00e1s har\u00edamos. As\u00ed, si encuentras uno de estos anuncios falsos te pedimos que nos ayudes a combatirlos con las siguientes acciones:<\/p>\n<ul>\n<li>Captura una foto de la pantalla (screenshot) d\u00f3nde aparece la alerta falsa de virus<\/li>\n<li>Copia la direcci\u00f3n completa de la URL (link)<\/li>\n<li>Env\u00eda la direcci\u00f3n completa de la URL y el screenshot por e-mail para nuestro equipo de soporte a <a href=\"mailto:contacto@psafe.com\">contacto@psafe.com<\/a><\/li>\n<\/ul>\n<p><center><img decoding=\"async\" class=\"alignnone\" src=\"https:\/\/www.psafe.com\/wp-content\/uploads\/2018\/09\/3.es_-167x300.png\" \/><img decoding=\"async\" class=\"alignnone\" src=\"https:\/\/www.psafe.com\/wp-content\/uploads\/2018\/09\/4.es_-167x300.png\" \/><img decoding=\"async\" class=\"alignnone\" src=\"https:\/\/www.psafe.com\/wp-content\/uploads\/2018\/09\/5.es_-167x300.png\" \/><\/center>Si quieres remover alguna aplicaci\u00f3n de PSafe que fue instalada por culpa de una falsa alerta de virus, sigue las instrucciones de desinstalaci\u00f3n presentes en este <a href=\"https:\/\/www.psafe.com\/ayuda\/android\/instalacion-desinstalacion\/como-desinstalar-el-dfndr\/\">enlace<\/a>. En caso de que necesites de ayuda, escr\u00edbenos al email <a href=\"mailto:contacto@psafe.com\">contacto@psafe.com<\/a><\/p>\n","protected":false},"excerpt":{"rendered":"<p>Si recibiste una \u201calerta de virus\u201d o alg\u00fan tipo de publicidad que te parece sospechosa y que te remeti\u00f3 a una p\u00e1gina de descarga en Google Play, \u00a1esto puede ser un anuncio falso que no fue enviado por PSafe! A veces, terceros no autorizados, con el objetivo de enga\u00f1ar a los usuarios, crean ciertos tipos [&hellip;]<\/p>\n","protected":false},"author":32,"featured_media":0,"parent":0,"menu_order":0,"comment_status":"closed","ping_status":"closed","template":"","meta":{"_acf_changed":false,"inline_featured_image":false,"_themeisle_gutenberg_block_has_review":false,"footnotes":""},"class_list":["post-3323","page","type-page","status-publish","hentry"],"acf":[],"_links":{"self":[{"href":"https:\/\/www.psafe.com\/es\/wp-json\/wp\/v2\/pages\/3323","targetHints":{"allow":["GET"]}}],"collection":[{"href":"https:\/\/www.psafe.com\/es\/wp-json\/wp\/v2\/pages"}],"about":[{"href":"https:\/\/www.psafe.com\/es\/wp-json\/wp\/v2\/types\/page"}],"author":[{"embeddable":true,"href":"https:\/\/www.psafe.com\/es\/wp-json\/wp\/v2\/users\/32"}],"replies":[{"embeddable":true,"href":"https:\/\/www.psafe.com\/es\/wp-json\/wp\/v2\/comments?post=3323"}],"version-history":[{"count":2,"href":"https:\/\/www.psafe.com\/es\/wp-json\/wp\/v2\/pages\/3323\/revisions"}],"predecessor-version":[{"id":4619,"href":"https:\/\/www.psafe.com\/es\/wp-json\/wp\/v2\/pages\/3323\/revisions\/4619"}],"wp:attachment":[{"href":"https:\/\/www.psafe.com\/es\/wp-json\/wp\/v2\/media?parent=3323"}],"curies":[{"name":"wp","href":"https:\/\/api.w.org\/{rel}","templated":true}]}}