{"id":3350,"date":"2018-09-24T16:00:49","date_gmt":"2018-09-24T16:00:49","guid":{"rendered":"https:\/\/www.psafe.com\/?page_id=3350"},"modified":"2018-10-09T16:52:12","modified_gmt":"2018-10-09T16:52:12","slug":"politica-de-publicidade","status":"publish","type":"page","link":"https:\/\/www.psafe.com\/es\/politica-de-publicidade\/","title":{"rendered":"Pol\u00edtica de publicidade"},"content":{"rendered":"<p>PSafe dedicase a entregar productos innovadores que protegen la libertad y seguridad de sus usuarios mientras comparten, juegan, hablan y exploran en internet.<\/p>\n<p>Para garantizarles una mejor<br \/>\nexperiencia a los usuarios, Google Play recientemente actualiz\u00f3 su Central de<br \/>\nPol\u00edticas de Desarrollo. Como parte de estas mejor\u00edas, a\u00f1adieron una nueva<br \/>\nsecci\u00f3n llamada Promoci\u00f3n de Apps:<a href=\"https:\/\/play.google.com\/about\/storelisting-promotional\/app-promotion\/\"> https:\/\/play.google.com\/about\/storelisting-promotional\/app-promotion\/ <\/a><\/p>\n<p>Con el objetivo de alcanzar el m\u00e1s<br \/>\nalto nivel de calidad, los contratos de PSafe exigen que todas las empresas<br \/>\naliadas como anunciantes y sus afiliados sigan las directrices propuestas por<br \/>\nGoogle Play. \u00a0En los contratos con PSafe, los aliados anunciantes y sus<br \/>\nafiliados concuerdan en abstenerse del desarrollo o de beneficiarse, entre<br \/>\notras cosas, de las siguientes actividades:<\/p>\n<p>&#8211; Promoci\u00f3n por medio de falsos anuncios en sitios, aplicaciones u otras propiedades;<\/p>\n<p>&#8211; Promoci\u00f3n por medio de alertas o notificaciones enga\u00f1osas semejantes a aquellas enviadas por el sistema o por las aplicaciones;<\/p>\n<p>&#8211; T\u00e9cnicas que direccionan a Google Play o para instalar la aplicaci\u00f3n o sin el consentimiento previo del usuario;<\/p>\n<p>&#8211; Ofrecimiento de falsos premios al usuario final;<\/p>\n<p>&#8211; Utilizaci\u00f3n de SMS para promover servicios que no fueron solicitados;<\/p>\n<p>&#8211; Simulaci\u00f3n o representaci\u00f3n de la interfaz de cualquier aplicaci\u00f3n o elementos de notificaciones y alertas de un sistema operativo.<\/p>\n<p>Los contratos de PSafe proh\u00edben a los aliados de utilizarse de este tipo de publicidad y de otras actividades potencialmente enga\u00f1osas. Si alguno de ellos realiza cualquier actividad como estas, le da derecho a PSafe a rescindir el contrato inmediatamente y retener todos los pagamentos durante el periodo en que sucedieron las actividades prohibidas.<\/p>\n<p>Adem\u00e1s, en estos casos, Psafe tiene garantizada una indemnizaci\u00f3n por la<br \/>\nruptura de nuestro contrato.<\/p>\n<p>Para obtener m\u00e1s informaciones cuanto a hacerse socio anunciante de PSafe, env\u00edanos un email a \u00a0ua@psafe.com.<\/p>\n<p>Para hacer una denuncia cuanto a cualquier publicidad sospechosa, por favor captura una foto de la pantalla (print), copia la direcci\u00f3n URL completa del sitio (link) y env\u00edanos todo a contacto@psafe.com. Muchas gracias por apoyarnos en la lucha contra todas las practicas no autorizadas. \u00a0<b>\u00a0<\/b><\/p>\n","protected":false},"excerpt":{"rendered":"<p>PSafe dedicase a entregar productos innovadores que protegen la libertad y seguridad de sus usuarios mientras comparten, juegan, hablan y exploran en internet. Para garantizarles una mejor experiencia a los usuarios, Google Play recientemente actualiz\u00f3 su Central de Pol\u00edticas de Desarrollo. Como parte de estas mejor\u00edas, a\u00f1adieron una nueva secci\u00f3n llamada Promoci\u00f3n de Apps: https:\/\/play.google.com\/about\/storelisting-promotional\/app-promotion\/ [&hellip;]<\/p>\n","protected":false},"author":32,"featured_media":0,"parent":0,"menu_order":0,"comment_status":"closed","ping_status":"closed","template":"","meta":{"_acf_changed":false,"inline_featured_image":false,"_themeisle_gutenberg_block_has_review":false,"footnotes":""},"class_list":["post-3350","page","type-page","status-publish","hentry"],"acf":[],"_links":{"self":[{"href":"https:\/\/www.psafe.com\/es\/wp-json\/wp\/v2\/pages\/3350","targetHints":{"allow":["GET"]}}],"collection":[{"href":"https:\/\/www.psafe.com\/es\/wp-json\/wp\/v2\/pages"}],"about":[{"href":"https:\/\/www.psafe.com\/es\/wp-json\/wp\/v2\/types\/page"}],"author":[{"embeddable":true,"href":"https:\/\/www.psafe.com\/es\/wp-json\/wp\/v2\/users\/32"}],"replies":[{"embeddable":true,"href":"https:\/\/www.psafe.com\/es\/wp-json\/wp\/v2\/comments?post=3350"}],"version-history":[{"count":2,"href":"https:\/\/www.psafe.com\/es\/wp-json\/wp\/v2\/pages\/3350\/revisions"}],"predecessor-version":[{"id":4618,"href":"https:\/\/www.psafe.com\/es\/wp-json\/wp\/v2\/pages\/3350\/revisions\/4618"}],"wp:attachment":[{"href":"https:\/\/www.psafe.com\/es\/wp-json\/wp\/v2\/media?parent=3350"}],"curies":[{"name":"wp","href":"https:\/\/api.w.org\/{rel}","templated":true}]}}