{"id":3352,"date":"2018-09-24T16:01:37","date_gmt":"2018-09-24T16:01:37","guid":{"rendered":"https:\/\/www.psafe.com\/?page_id=3352"},"modified":"2024-03-25T00:37:39","modified_gmt":"2024-03-25T00:37:39","slug":"politica-de-privacidad","status":"publish","type":"page","link":"https:\/\/www.psafe.com\/es\/politica-de-privacidad\/","title":{"rendered":"Privacy Policy"},"content":{"rendered":"<p>Actualizada en 21 de diciembre de 2017.<\/p>\n<p><strong>Privacidad y Confidencialidad de la Informaci\u00f3n<\/strong><\/p>\n<p>PSafe Tecnolog\u00eda S.A. (\u201cPSafe\u201d), inscrita en el CNPJ n.\u00ba \u00ba 12.501.419\/0001-0 y sus afiliadas 6, por la naturaleza de los servicios prestados, coleta informaciones de los usuarios de sus softwares\/servicios y visitantes de su sitio. Estas Pol\u00edticas de Privacidad describen las informaciones que PSafe recoge sobre sus usuarios y visitantes y lo que se puede hacer, con la finalidad de demostrar absoluta transparencia en cuanto a este importante asunto. Al registrarse y\/o navegar por el sitio de PSafe, el usuario y\/o el visitante consiente con la utilizaci\u00f3n de ciertas informaciones personales de acuerdo con las pol\u00edticas a seguir.<\/p>\n<p>Con esta Pol\u00edtica de Privacidad, PSafe demostra que la privacidad de la informaci\u00f3n de los usuarios es muy importante y, por eso, adopta precauciones y cautelas para resguardar todas informaciones, utilizando los mecanismos completos y eficaces de seguridad en inform\u00e1tica y tecnolog\u00eda.<\/p>\n<p>Este documento es parte integrante de los\u00a0<a href=\"https:\/\/www.psafe.com\/es\/terminos-de-uso\/\">T\u00e9rminos de Uso<\/a>\u00a0y el\u00a0<a href=\"https:\/\/www.psafe.com\/es\/termosdeuso\/contrato\/\">Contrato de Licencia<\/a>\u00a0de PSafe, e con la aceptaci\u00f3n de cualquiera de los mismos, el usuario acepta los t\u00e9rminos de esta pol\u00edticas y al utilizar cualquier producto o servicio de PSafe, el usuario reconoce que ley\u00f3 y concord\u00f3 con los acuerdos y condiciones de esta <a href=\"https:\/\/www.psafe.com\/es\/politica-de-privacidad\/\">Pol\u00edtica de Privacidad<\/a>.<\/p>\n<p><strong>Informaci\u00f3n Recopilada<\/strong><\/p>\n<p>Informaci\u00f3n sobre datos personales (\u201cInformaci\u00f3n Personal\u201d) podr\u00e1n ser requeridos para usar algunos productos y\/o servicios ofrecidos por PSafe, o los usuarios podr\u00e1n tener la opci\u00f3n de suministrarlas. PSafe podr\u00e1 confirmar los datos personales informados consultando a entidades p\u00fablicas, compa\u00f1\u00edas especializadas o bancos de datos, quedando tales consultas que desde ya est\u00e1 expresamente autorizada. La informaci\u00f3n que PSafe obtenga de estas entidades ser\u00e1 tratada de forma confidencial.<\/p>\n<p>A cualquier momento, el usuario registrado en PSafe podr\u00e1 solicitar la extinci\u00f3n o remoci\u00f3n de su registro, as\u00ed como la eliminaci\u00f3n de sus datos del banco de datos de la empresa. Para m\u00e1s informaci\u00f3n, lea a continuaci\u00f3n \u201cDerechos de cancelaci\u00f3n y rectificaci\u00f3n de datos personales\u201d.<\/p>\n<p>PSafe recoge y almacena autom\u00e1ticamente ciertas informaciones sobre la actividad de los usuarios y tambi\u00e9n de los visitantes de su sitio. Tal informaci\u00f3n puede incluir (sin limitaci\u00f3n) cualesquiera actividades el usuario hace en el producto o servicio de PSafe, el URL de donde ellos provienen, el URL que los llev\u00f3 a la p\u00e1gina de PSafe en el Google Play, Apple Store (u otra tienda de aplicativos parecida), a que URL accedieron en seguida, el navegador que utilizan, sus IPs de acceso, las p\u00e1ginas\/URLs visitadas, entre otras informaciones que pueden almacenarse y retenerse. En el caso de las aplicaciones de PSafe para dispositivos Android o iOS, seg\u00fan el caso, law informaci\u00f3nes personales tambi\u00e9n puedem incluir el \u00abMD5 del IMEI\u00bb del aparato, el ID de Google Advertising o IDFA, versi\u00f3n del sistema Android o iOS en el aparato, (tales modelo y\/o nombre del aparato, fabricante, versi\u00f3n del sistema, DPI de la pantalla, tipo de conexi\u00f3n, funciones utilizadas y fechas\/horarios de uso, aplicaciones instaladas y fechas\/horarios de instalaci\u00f3n\/uso\/remoci\u00f3n, proveedor del chip y MCC), c\u00f3digos que indiquen el pa\u00eds y el idioma del aparato (o de las aplicaciones) e ID de Android (o equivalente de iOS). PSafe puede recoger y almacenar informaci\u00f3n sobre las actividades de los usuarios del servicio, incluyendo (sin limitaci\u00f3n) informaciones sobre sus aparatos usados para tener acceso al servicio (como PC, celular, etc.), informaciones de configuraci\u00f3n de sus sistemas, \u201cmetadata\u201d de sus archivos, y las fechas y horas asociadas a sus transacciones y otras interacciones con el servicio. PSafe tambi\u00e9n puede recoger e almacenar informaciones, cuando sea informado por el usuario o un servicio tercerizado que el usuario autoriz\u00f3, tales como (sin limitaci\u00f3n) nombre, edad, sexo e ID del usuario en el servicio tercerizado (por ejemplo, si el usuario concuerda en conectar su cuenta de Facebook y\/o Google con el servicio y\/o producto de PSafe).<\/p>\n<p>PSafe podr\u00e1 recoger y almacenar informaci\u00f3n personal, incluyendo nombre de usuarios y direcciones de correos electr\u00f3nicos (a) junto con contrase\u00f1a y nombre del usuario en caso se registre con PSafe; (b) si los usuarios env\u00edan correspondencias a PSafe (sean cartas o por medio de otra herramienta de mensaje electr\u00f3nica).<\/p>\n<p>Si la funci\u00f3n de reconocimiento facial ofrecida por la aplicaci\u00f3n DFNDR Vault es activada por el usuario, la aplicaci\u00f3n DFNDR Vault recopilar\u00e1 los datos correspondientes a la imagen facial del usuario (\u00abDatos Biom\u00e9tricos\u00bb). El software de almacenamiento de datos biom\u00e9tricos y reconocimiento facial en el DFNDR Vault es suministrado por terceros bajo licencia a PSafe. Los datos biom\u00e9tricos se almacenan localmente en el dispositivo del usuario y se cifran por motivos de seguridad.<\/p>\n<p><strong>Del consentimiento del usuario para uso de la informaci\u00f3n por PSafe<\/strong><\/p>\n<p><strong>El USUARIO RECONOCE Y CONCUERDA QUE PSAFE PODR\u00c1 RECOGER, USAR, ALMACENAR, TRATAR Y TRANSFERIR A TERCEROS SUS INFORMACIONES DE CAR\u00c1CTER PERSONAL CON LA FINALIDAD DE PRESTAR CUALESQUIER SERVICIOS YA INDICADOS EN LOS PRODUCTOS Y\/O LA P\u00c1GINA WEB DE PSAFE. LA ACEPTACI\u00d3N DE LOS ACUERDOS DE USO DE PSAFE POR EL USUARIO SER\u00c1 INTERPRETADA COMO EL CONSENTIMIENTO EXPRESO DEL USUARIO PARA LA RECOLECCI\u00d3N, USO, ALMACENAMIENTO, TRATAMIENTO Y TRANSFERENCIA DE LA INFORMACI\u00d3N PERSONAL DEL USUARIO POR PSAFE, EN LOS ACUERDOS DE ESTA POL\u00cdTICA DE PRIVACIDAD.<\/strong><\/p>\n<p><strong>USTED PUEDE INTERRUMPIR LA COLECCI\u00d3N DE INFORMACI\u00d3N POR NUESTROS APLICOS, DESINSTALANDO.<\/strong><\/p>\n<p><strong>Del uso de la informaci\u00f3n por PSafe<\/strong><\/p>\n<p>Para suministrar un excelente servicio y para que los usuarios puedan realizar operaciones de forma \u00e1gil y segura, PSafe podr\u00e1 requerir alguna informaci\u00f3n de car\u00e1cter personal, incluyendo nombre, direcci\u00f3n residencial, direcci\u00f3n de correo electr\u00f3nico y tel\u00e9fono para contacto. La recolecci\u00f3n de esta informaci\u00f3n permite ofrecer servicios y funcionalidades que puedan ser m\u00e1s adecuados a las necesidades de los usuarios, y adem\u00e1s permite personalizar nuestros servicios, para hacer que sus experiencias con PSafe sean las m\u00e1s c\u00f3modas posibles. La informaci\u00f3n personal que solicitamos tiene las siguientes finalidades:<\/p>\n<ul>\n<li>Desarrollar estudios internos sobre los intereses, comportamientos y demograf\u00eda de los usuarios para comprender mejor sus necesidades e intereses y, de esta forma, ofrecer mejores servicios o proveer informaci\u00f3n relacionada.<\/li>\n<li>Mejorar nuestras iniciativas comerciales y promocionales y analizar las p\u00e1ginas visitadas y las b\u00fasquedas realizadas por los usuarios para mejorar nuestra oferta de contenidos y productos, personalizar contenidos, su presentaci\u00f3n y servicios. Enviar informaci\u00f3n o mensajes por correo electr\u00f3nico sobre nuevos servicios, mostrar publicidad o promociones, banners de inter\u00e9s para nuestros usuarios, noticias sobre PSafe. Si el usuario prefiere, podr\u00e1 solicitar, en cualquier momento, que sea excluido de las listas de env\u00edo de informaci\u00f3n promocional o publicitaria por medio del env\u00edo de un correo electr\u00f3nico a\u00a0<a href=\"mailto:privacidade@psafe.com\">privacidade@psafe.com<\/a>.<\/li>\n<li>Los ganadores de eventuales promociones comerciales y\/o concursos realizados por PSafe, o personas que participan de programas de fidelidad de PSafe, autorizan expresamente a PSafe a difundir sus nombres, datos personales suministrados a PSafe para participar en la promoci\u00f3n, concurso o programa e im\u00e1genes por los medios y en las formas que consideren convenientes, con fines publicitarios y\/o promocionales, sin derecho a compensaci\u00f3n alguna.<\/li>\n<li>Compartir la informaci\u00f3n personal (incluyendo direcci\u00f3n de correo electr\u00f3nico) con los proveedores de servicios o las empresas de \u201coutsourcing\u201d que contribuyan para mejorar o facilitar las operaciones a trav\u00e9s de PSafe, como (sin limitarse a) servicios de transporte, call centers o programas de fidelidad, entre otros. PSafe velar\u00e1 para que se cumplan los est\u00e1ndares determinados por la legislaci\u00f3n vigente para el uso, recolecci\u00f3n, almacenamiento y protecci\u00f3n de la informaci\u00f3n personal de los usuarios por terceros que tengan acceso a la informaci\u00f3n, mediante la firma de acuerdos o convenios cuyo objeto sea la privacidad de los datos personales de nuestros usuarios. No obstante, el usuario concuerda que PSafe no ser\u00e1 responsable del uso indebido de la informaci\u00f3n personal del usuario que hagan estas compa\u00f1\u00edas o sitios de internet. En algunos casos, estos proveedores de servicios recoger\u00e1n informaci\u00f3n directamente del usuario (por ejemplo, en casos en que se solicite la realizaci\u00f3n de encuestas o estudios). En tales situaciones, el usuario recibir\u00e1 una notificaci\u00f3n al respeto de la participaci\u00f3n de un proveedor de servicios en tales actividades y quedar\u00e1 en total discreci\u00f3n del usuario toda la informaci\u00f3n que quiera ofrecerle los usos adicionales que los proveedores decidan hacer. A efectos de facilitaci\u00f3n y por propia iniciativa de informaci\u00f3n adicional a tales prestadores de servicios directamente, estos usar\u00e1n la informaci\u00f3n conforme sus propias pol\u00edticas de privacidad.<\/li>\n<li>Suministrar informaci\u00f3n personal de los usuarios a las entidades que intervengan en la resoluci\u00f3n de disputas entre los mismos, tales como: aseguradoras, tribunales de arbitraje u otros tribunales competentes para solucionar tales disputas.<\/li>\n<li>Activaci\u00f3n y uso de la funci\u00f3n de reconocimiento facial por la aplicaci\u00f3n DFNDR Vault por el usuario, con el \u00fanico objetivo de proporcionar la funci\u00f3n de desbloqueo a trav\u00e9s del reconocimiento facial. PSafe no utilizar\u00e1 la biometr\u00eda de los Usuarios para otros fines sin su expreso consentimiento.<\/li>\n<\/ul>\n<p><strong>Confidencialidad de la informaci\u00f3n<\/strong><\/p>\n<p>Una vez registrado en su p\u00e1gina web, PSafe no vender\u00e1, alquilar\u00e1 o compartir\u00e1 la informaci\u00f3n personal, excepto en las formas establecidas en esta pol\u00edtica. Puede ocurrir que, en virtud de \u00f3rdenes judiciales o de disposiciones legales, PSafe sea compelida a revelar informaci\u00f3n a las autoridades competentes o a terceros bajo algunas circunstancias, en casos en que terceros puedan interceptar la informaci\u00f3n o transmitir datos en estas situaciones, PSafe no responder\u00e1 por la informaci\u00f3n que sea revelada.<\/p>\n<p><strong>Contrase\u00f1a personal<\/strong><\/p>\n<p>Para acceso de los servicios reservados \u00fanicamente a los usuarios debidamente registrados, estos dispondr\u00e1n de una contrase\u00f1a personal. Esta contrase\u00f1a, que es elegida por el propio usuario, se debe mantener bajo absoluta confidencialidad y, en ning\u00fan caso, deber\u00e1 revelarse o compartir con otras personas.<\/p>\n<p>El usuario ser\u00e1 responsable de todos los actos que se realicen con el uso de su nombre de usuario y contrase\u00f1a personal, lo que incluyen pagos de tarifas por servicios (cuando sea aplicable). Si por alguna raz\u00f3n un usuario desconf\u00eda que alguien conozca su contrase\u00f1a personal, deber\u00e1 modificarla al acceder por el men\u00fa de navegaci\u00f3n.<\/p>\n<p>PSafe no comparte ning\u00fan Datos Biom\u00e9tricos con terceros, para cualquier prop\u00f3sito, sin el consentimiento expreso del usuario.<\/p>\n<p><strong>Cookies<\/strong><\/p>\n<p>Los usuarios tienen ciencia y aceptan que podr\u00e1 utilizarse un sistema de monitoreo mediante la utilizaci\u00f3n de cookies. Los cookies son peque\u00f1os archivos que se instalan en el dispositivo, con una duraci\u00f3n limitada de tiempo que ayudan a personalizar los servicios. Se utilizan adicionalmente los cookies para que el usuario no tenga que introducir su contrase\u00f1a tan frecuentemente durante una secci\u00f3n de navegaci\u00f3n, tambi\u00e9n para contabilizar y corroborar los registros, la actividad del usuario y otros fines relacionados a programas de fidelidad (en los pa\u00edses en los cuales est\u00e1 disponible) y otros acuerdos comerciales, siempre a tener como objetivo, en ocasi\u00f3n de la instalaci\u00f3n de los cookies, el beneficio del usuario que lo recibe y no ser\u00e1 usado con otros fines ajenos a la operaci\u00f3n de PSafe.<\/p>\n<p>La instalaci\u00f3n, permanencia y existencia de los cookies en el dispositivo del usuario dependen de su exclusiva decisi\u00f3n y los cookies se pueden eliminar de el dispositivo cuando el usuario as\u00ed lo desee. Para saber c\u00f3mo retirar los cookies del sistema, es necesario revisar la secci\u00f3n Ayuda (Help) del navegador.<\/p>\n<p>Adicionalmente, se pueden encontrar cookies u otros sistemas similares instalados por terceros en algunas p\u00e1ginas de la p\u00e1gina web de PSafe. Por ejemplo, al navegar por una p\u00e1gina creada por un usuario, puede ser que exista un cookie embutido en la misma.<br \/>\nQueda aclarado que esta pol\u00edtica cubre la utilizaci\u00f3n de cookies por esta p\u00e1gina web y no la utilizaci\u00f3n de cookies por parte de anunciantes. PSafe no tiene control del uso de cookies por terceros.<\/p>\n<p><strong>Orden de autoridades competentes &#8211; Requerimientos Legales<\/strong><\/p>\n<p>PSafe coopera con las autoridades competentes y con terceros para garantizar el cumplimento de las leyes, por ejemplo, en materia de protecci\u00f3n de derechos de propiedad industrial y intelectual, privacidad y protecci\u00f3n de datos personales, prevenci\u00f3n de fraudes y otros.<\/p>\n<p>PSafe podr\u00e1 revelar la informaci\u00f3n personal de sus usuarios bajo requerimiento de autoridades judiciales o gubernamentales competentes a efectos de investigaciones conducidas por estas, por ejemplo (y sin limitarse a) cuando se trata de investigaciones de car\u00e1cter penal o relacionadas con pirater\u00eda, inform\u00e1tica o violaci\u00f3n de derechos de autor. En estas situaciones, PSafe colaborar\u00e1 con las autoridades competentes con el fin de salvaguardar la integridad, y la seguridad de la comunidad y de sus usuarios, exceptuadas hip\u00f3tesis de sigilo de la informaci\u00f3n determinadas por la legislaci\u00f3n en vigor.<\/p>\n<p>PSafe puede comunicar cualquier informaci\u00f3n personal sobre sus usuarios con la finalidad de cumplir a ley aplicable y cooperar con las autoridades competentes en la medida en que entienda necesario y adecuado con relaci\u00f3n a cualquier investigaci\u00f3n de un acto il\u00edcito, infracci\u00f3n de derechos, de propiedad industrial o intelectual u otra actividad que sea ilegal o que pueda exponer a PSafe o sus usuarios a cualquier responsabilidad legal. Este derecho ser\u00e1 ejercido por PSafe a fin de cooperar con el cumplimento y ejecuci\u00f3n de la ley, conforme le sea permitido por la legislaci\u00f3n vigente. Adem\u00e1s de eso, PSafe se reserva el derecho de comunicar la informaci\u00f3n sobre sus usuarios a otros usuarios, entidades o terceros cuando haya motivos suficientes para considerar que la actividad de un usuario sea sospechosa de tentar o de cometer un delito o tentar perjudicar a otras personas. Este derecho ser\u00e1 utilizado por PSafe a su entero disposici\u00f3n cuando considere apropiado o necesario para mantener la integridad y la seguridad del servicio y del sitio de PSafe, para hacer cumplir los\u00a0<a href=\"https:\/\/www.psafe.com\/es\/terminos-de-uso\/\">T\u00e9rminos de Uso<\/a>\u00a0y dem\u00e1s pol\u00edticas del sitio y con el objetivo de cooperar con la ejecuci\u00f3n y cumplimento de la ley. Este derecho ser\u00e1 ejercido por PSafe independientemente de existir una orden judicial o administrativa en ese sentido.<\/p>\n<p><strong>Env\u00edo de notificaci\u00f3n por contenido indebido<\/strong><\/p>\n<p>Si el usuario verifica que cualquier contenido que juzgue ser indebido fue insertado por terceros en la p\u00e1gina web o en los productos o servicios de PSafe, el usuario deber\u00e1 enviar una notificaci\u00f3n escrita a PSafe informando el contenido se\u00f1alado como indebido, con indicaci\u00f3n de elementos suficientes que permitan la identificaci\u00f3n espec\u00edfica del material se\u00f1alado como indebido, para el correo electr\u00f3nico\u00a0<a href=\"mailto:privacidade@psafe.com\">privacidade@psafe.com<\/a>.<\/p>\n<p><strong>Seguridad y Almacenamiento de la Informaci\u00f3n<\/strong><\/p>\n<p>PSafe est\u00e1 obligada a observar todas las normas aplicables en materia de medidas de seguridad de informaci\u00f3n personal. Adem\u00e1s, es necesario considerar que la seguridad perfecta no existe en internet.<\/p>\n<p>Por tanto, PSafe no ser\u00e1 responsable de interceptaciones ilegales o violaci\u00f3n de sus sistemas o bancos de datos por parte de personas no autorizadas. Tampoco se responsabilizar\u00e1 por la indebida utilizaci\u00f3n de la informaci\u00f3n obtenida por esos medios.<\/p>\n<p>Todos los datos personales de los usuarios ser\u00e1n almacenados en un archivo automatizado de datos, localizado en Brasil (o, en algunos casos, en otro pa\u00eds que hospeda los servicios de Amazon Web Services, tal como los Estados Unidos. El usuario, al registrarse en PSafe, confirma que est\u00e1 informado de la localizaci\u00f3n de este archivo y servidores y autoriza esta transferencia de sus datos para la base antes descrita.<\/p>\n<p>A partir de la fecha de esta Pol\u00edtica de Privacidad antes mencionada, todos los pagos en l\u00ednea de nuestros programas o servicios son realizados por Google Play (<a href=\"https:\/\/play.google.com\/store\">https:\/\/play.google.com\/store<\/a>) o Apple Store (<a href=\"https:\/\/www.apple.com\/ios\/app-store\">https:\/\/www.apple.com\/ios\/app-store<\/a>) de acuerdo con el dispositivo utilizado por el usuario. PSafe no tiene acceso, procesa, graba o mantiene informaci\u00f3n sobre tarjetas de cr\u00e9dito o cuentas bancarias. Todas las transacciones realizadas a trav\u00e9s de Google Play o Apple Store est\u00e1n sujetas a los t\u00e9rminos de servicio disponibles en <a href=\"https:\/\/play.google.com\/intl\/en_es\/about\/play-terms.html\">https:\/\/play.google.com\/intl\/en_es\/about\/play-terms.html<\/a> o <a href=\"https:\/\/www.apple.com\/legal\/internet-services\/itunes\/es\/terms.html\">https:\/\/www.apple.com\/legal\/internet-services\/itunes\/es\/terms.html<\/a>, respectivamente.<\/p>\n<p>Para m\u00e1s informaci\u00f3n sobre c\u00f3mo se trata los pagos, as\u00ed como sobre la seguridad y privacidad de los datos utilizados en las transacciones, visite <a href=\"https:\/\/www.google.com\/intl\/es\/policies\/privacy\">https:\/\/www.google.com\/intl\/es\/policies\/privacy<\/a> para dispositivos Android o <a href=\"https:\/\/www.apple.com\/legal\/privacy\/es\">https:\/\/www.apple.com\/legal\/privacy\/es<\/a> para dispositivos IOS.<\/p>\n<p><strong>Proveedores de Terceros para Almacenamiento en Cloud<\/strong><\/p>\n<p>Algunos programas y\/o servicios permiten al usuario conectarse a su cuenta con los siguientes proveedores de terceros para el almacenamiento en cloud: Dropbox, Google y OneDrive (\u00abProveedores de Almacenamiento\u00bb). Al conectarse a la cuenta de cualquier Proveedor de Almacenamiento, el usuario garantiza ser el propietario o est\u00e1 debidamente autorizado a acceder a dicha cuenta, y acuerda observar y cumplir los t\u00e9rminos y condiciones de uso de aquellos Proveedores de Almacenamiento, disponibles en <a href=\"https:\/\/www.dropbox.com\/developers\/reference\/tos\">https:\/\/www.dropbox.com\/developers\/reference\/tos<\/a>, <a href=\"https:\/\/developers.google.com\/terms\">https:\/\/developers.google.com\/terms<\/a> y <a href=\"https:\/\/dev.onedrive.com\/terms-of-use.htm\">https:\/\/dev.onedrive.com\/terms-of-use.htm<\/a>. Los t\u00e9rminos y condiciones de uso relevantes de los Proveedores de Almacenamiento se aplicar\u00e1n, adem\u00e1s de cualquier restricciones u obligaciones establecidas en esta pol\u00edtica.<\/p>\n<p><strong>Derechos de cancelaci\u00f3n y rectificaci\u00f3n de datos personales<\/strong><\/p>\n<p>El usuario, al registrarse, manifiesta conocer y puede ejercitar sus derechos de acceder, cancelar y actualizar sus datos personales. El usuario garantiza y responde por la veracidad, exactitud, vigencia y autenticidad de los datos personales y se compromete a mantenerlos debidamente actualizados.<\/p>\n<p>Una vez registrado en PSafe, el usuario podr\u00e1 revisar y alterar la informaci\u00f3n que tenga suministrado durante el proceso de registro, a incluirse (sin limitaci\u00f3n):<\/p>\n<ul>\n<li>El nombre de usuario. Sin perjuicio de los cambios que efect\u00fae, PSafe conservar\u00e1 los datos personales originales por motivos de seguridad y control de fraudes;<\/li>\n<li>La informaci\u00f3n de registro, como n\u00famero de tel\u00e9fono, direcci\u00f3n, etc.<\/li>\n<li>La contrase\u00f1a personal.<\/li>\n<\/ul>\n<p>En determinados casos, se mantendr\u00e1n en los archivos de PSafe los datos personales que hayan sido solicitados para la remoci\u00f3n con el objetivo de su utilizaci\u00f3n en la soluci\u00f3n de litigios o reclamaciones, detectar problemas o incidentes y dar cumplimento a lo dispuesto en los\u00a0<a href=\"https:\/\/www.psafe.com\/es\/terminos-de-uso\/\">T\u00e9rminos de Uso<\/a>\u00a0y\/o en esta\u00a0<a href=\"https:\/\/www.psafe.com\/es\/politica-de-privacidad\/\">Pol\u00edtica de Privacidad<\/a>\u00a0y\/o en el <a href=\"https:\/\/www.psafe.com\/es\/termosdeuso\/contrato\/\">Contrato de Licencia<\/a>. En cualquier caso, los datos personales del usuario no ser\u00e1n inmediatamente retirados de los archivos por razones legales y t\u00e9cnicas, a incluir los sistemas de soporte y seguridad.<\/p>\n<p>Para hacer cualquier modificaci\u00f3n en la informaci\u00f3n suministrada en cuanto al registro, el usuario debe acceder a los ajustes del sitio o programa donde el registro fue hecho.<\/p>\n<p><strong>Menores de Edad<\/strong><\/p>\n<p>PSafe no recoge, intencionalmente, informaci\u00f3n de menores de edad que no tengan autorizaci\u00f3n de sus padres, tutores o representantes legales para usar nuestros servicios. Si un padre\/madre, tutor o representante legal sabe que su hijo(a) menor de edad nos suministr\u00f3 alguna informaci\u00f3n personal sin su previa autorizaci\u00f3n, \u00e9l debe contactarnos en\u00a0<a href=\"mailto:privacidade@psafe.com\">privacidade@psafe.com<\/a>.<\/p>\n","protected":false},"excerpt":{"rendered":"<p>Actualizada en 21 de diciembre de 2017. Privacidad y Confidencialidad de la Informaci\u00f3n PSafe Tecnolog\u00eda S.A. (\u201cPSafe\u201d), inscrita en el CNPJ n.\u00ba \u00ba 12.501.419\/0001-0 y sus afiliadas 6, por la naturaleza de los servicios prestados, coleta informaciones de los usuarios de sus softwares\/servicios y visitantes de su sitio. Estas Pol\u00edticas de Privacidad describen las informaciones [&hellip;]<\/p>\n","protected":false},"author":32,"featured_media":0,"parent":0,"menu_order":0,"comment_status":"closed","ping_status":"closed","template":"","meta":{"_acf_changed":false,"inline_featured_image":false,"_themeisle_gutenberg_block_has_review":false,"footnotes":""},"class_list":["post-3352","page","type-page","status-publish","hentry"],"acf":[],"_links":{"self":[{"href":"https:\/\/www.psafe.com\/es\/wp-json\/wp\/v2\/pages\/3352","targetHints":{"allow":["GET"]}}],"collection":[{"href":"https:\/\/www.psafe.com\/es\/wp-json\/wp\/v2\/pages"}],"about":[{"href":"https:\/\/www.psafe.com\/es\/wp-json\/wp\/v2\/types\/page"}],"author":[{"embeddable":true,"href":"https:\/\/www.psafe.com\/es\/wp-json\/wp\/v2\/users\/32"}],"replies":[{"embeddable":true,"href":"https:\/\/www.psafe.com\/es\/wp-json\/wp\/v2\/comments?post=3352"}],"version-history":[{"count":4,"href":"https:\/\/www.psafe.com\/es\/wp-json\/wp\/v2\/pages\/3352\/revisions"}],"predecessor-version":[{"id":9694,"href":"https:\/\/www.psafe.com\/es\/wp-json\/wp\/v2\/pages\/3352\/revisions\/9694"}],"wp:attachment":[{"href":"https:\/\/www.psafe.com\/es\/wp-json\/wp\/v2\/media?parent=3352"}],"curies":[{"name":"wp","href":"https:\/\/api.w.org\/{rel}","templated":true}]}}